{"id":309,"date":"2022-03-14T15:41:03","date_gmt":"2022-03-14T15:41:03","guid":{"rendered":"https:\/\/doszetas.com.ar\/wpinter\/puerto-rico\/?page_id=309"},"modified":"2025-02-06T13:13:03","modified_gmt":"2025-02-06T13:13:03","slug":"carlos-e-lopez","status":"publish","type":"page","link":"https:\/\/wpginternational.com\/puerto-rico\/carlos-e-lopez\/","title":{"rendered":"Carlos L\u00f3pez L\u00f3pez"},"content":{"rendered":"\n<div class=\"wp-block-columns has-background is-layout-flex wp-container-core-columns-layout-2 wp-block-columns-is-layout-flex\" style=\"background-color:#eeeeee\">\n<div class=\"wp-block-column is-layout-flow wp-block-column-is-layout-flow\" style=\"flex-basis:33.33%\">\n<div class=\"wp-block-cover is-light\" style=\"min-height:550px\"><span aria-hidden=\"true\" class=\"wp-block-cover__background has-background-dim-0 has-background-dim\"><\/span><img decoding=\"async\" width=\"700\" height=\"860\" class=\"wp-block-cover__image-background wp-image-912\" alt=\"\" src=\"https:\/\/wpginternational.com\/puerto-rico\/wp-content\/uploads\/sites\/4\/2022\/04\/lopez-lopez.jpg\" data-object-fit=\"cover\" srcset=\"https:\/\/wpginternational.com\/puerto-rico\/wp-content\/uploads\/sites\/4\/2022\/04\/lopez-lopez.jpg 700w, https:\/\/wpginternational.com\/puerto-rico\/wp-content\/uploads\/sites\/4\/2022\/04\/lopez-lopez-244x300.jpg 244w\" sizes=\"(max-width: 700px) 100vw, 700px\" \/><div class=\"wp-block-cover__inner-container is-layout-flow wp-block-cover-is-layout-flow\">\n<p class=\"has-text-align-center has-large-font-size\"><\/p>\n<\/div><\/div>\n<\/div>\n\n\n\n<div class=\"wp-block-column is-layout-flow wp-block-column-is-layout-flow\" style=\"padding-left:10px;flex-basis:66.66%\">\n<div class=\"wp-block-columns is-layout-flex wp-container-core-columns-layout-1 wp-block-columns-is-layout-flex\">\n<div class=\"wp-block-column is-layout-flow wp-block-column-is-layout-flow\" style=\"padding-left:10px;flex-basis:100%\">\n<h2 class=\"wp-block-heading has-text-color\" id=\"h-carlos-lopez-lopez\" style=\"color:#031e46;margin-bottom:1px;font-size:2.8rem\"><strong>Carlos L\u00f3pez L\u00f3pez<\/strong><\/h2>\n\n\n\n<p class=\"has-foreground-color has-text-color has-normal-font-size\" style=\"font-style:normal;font-weight:700\">Co-Founder and Managing Partner WP Group<br>Partner of WP Group International Washington, D.C.<\/p>\n\n\n\n<div style=\"height:50px\" aria-hidden=\"true\" class=\"wp-block-spacer\"><\/div>\n\n\n\n<p class=\"has-normal-font-size\" style=\"font-style:normal;font-weight:400\">Mr. L\u00f3pez is one of the foremost international business and government relations consultants in Puerto Rico and Washington, D.C. with nearly three decades of experience in corporate, government relations, and international business consulting focusing on Latin America. He is also a noted attorney and Senior Partner at Wolf Popper LLP New York. Mr. L\u00f3pez has represented multinational and non-profit organizations before the Legislative and Executive branches in Puerto Rico, the United States federal government, Latin America, and international organizations. He holds a J.D. from the Inter-American University of Puerto Rico School of Law, San Juan, Puerto Rico, and an LL.M. degree from the American University Washington College of Law, Washington, D.C.<\/p>\n<\/div>\n\n\n\n<div class=\"wp-block-column is-layout-flow wp-block-column-is-layout-flow\" style=\"flex-basis:10%\">\n<h2 class=\"wp-block-heading has-foreground-color has-text-color has-small-font-size\" id=\"h-leadership\" style=\"margin-top:1px\">Leadership <\/h2>\n<\/div>\n<\/div>\n<\/div>\n<\/div>\n","protected":false},"excerpt":{"rendered":"<p>Carlos L\u00f3pez L\u00f3pez Co-Founder and Managing Partner WP GroupPartner of WP Group International Washington, D.C. Mr. L\u00f3pez is one of the foremost international business and government relations consultants in Puerto Rico and Washington, D.C. with nearly three decades of experience in corporate, government relations, and international business consulting focusing on Latin America. He is also [&hellip;]<\/p>\n","protected":false},"author":2,"featured_media":0,"parent":0,"menu_order":0,"comment_status":"closed","ping_status":"closed","template":"","meta":{"footnotes":""},"yoast_head":"<!-- This site is optimized with the Yoast SEO Premium plugin v22.1 (Yoast SEO v22.1) - https:\/\/yoast.com\/wordpress\/plugins\/seo\/ -->\n<title>Carlos L\u00f3pez L\u00f3pez - WP Group Puerto Rico<\/title>\n<meta name=\"description\" content=\"Mr. L\u00f3pez is one of the foremost international business and government relations consultants in Puerto Rico and Washington, D.C. with over...\" \/>\n<meta name=\"robots\" content=\"index, follow, max-snippet:-1, max-image-preview:large, max-video-preview:-1\" \/>\n<link rel=\"canonical\" href=\"https:\/\/wpginternational.com\/puerto-rico\/carlos-e-lopez\/\" \/>\n<meta property=\"og:locale\" content=\"es_ES\" \/>\n<meta property=\"og:type\" content=\"article\" \/>\n<meta property=\"og:title\" content=\"Carlos L\u00f3pez L\u00f3pez\" \/>\n<meta property=\"og:description\" content=\"Mr. L\u00f3pez is one of the foremost international business and government relations consultants in Puerto Rico and Washington, D.C. with over...\" \/>\n<meta property=\"og:url\" content=\"https:\/\/wpginternational.com\/puerto-rico\/carlos-e-lopez\/\" \/>\n<meta property=\"og:site_name\" content=\"WP Group Puerto Rico\" \/>\n<meta property=\"article:modified_time\" content=\"2025-02-06T13:13:03+00:00\" \/>\n<meta property=\"og:image\" content=\"https:\/\/wpginternational.com\/puerto-rico\/wp-content\/uploads\/sites\/4\/2022\/04\/lopez-lopez.jpg\" \/>\n<meta name=\"twitter:card\" content=\"summary_large_image\" \/>\n<meta name=\"twitter:label1\" content=\"Tiempo de lectura\" \/>\n\t<meta name=\"twitter:data1\" content=\"1 minuto\" \/>\n<script type=\"application\/ld+json\" class=\"yoast-schema-graph\">{\"@context\":\"https:\/\/schema.org\",\"@graph\":[{\"@type\":\"WebPage\",\"@id\":\"https:\/\/wpginternational.com\/puerto-rico\/carlos-e-lopez\/\",\"url\":\"https:\/\/wpginternational.com\/puerto-rico\/carlos-e-lopez\/\",\"name\":\"Carlos L\u00f3pez L\u00f3pez - WP Group Puerto Rico\",\"isPartOf\":{\"@id\":\"https:\/\/wpginternational.com\/puerto-rico\/#website\"},\"datePublished\":\"2022-03-14T15:41:03+00:00\",\"dateModified\":\"2025-02-06T13:13:03+00:00\",\"description\":\"Mr. L\u00f3pez is one of the foremost international business and government relations consultants in Puerto Rico and Washington, D.C. with over...\",\"breadcrumb\":{\"@id\":\"https:\/\/wpginternational.com\/puerto-rico\/carlos-e-lopez\/#breadcrumb\"},\"inLanguage\":\"es\",\"potentialAction\":[{\"@type\":\"ReadAction\",\"target\":[\"https:\/\/wpginternational.com\/puerto-rico\/carlos-e-lopez\/\"]}]},{\"@type\":\"BreadcrumbList\",\"@id\":\"https:\/\/wpginternational.com\/puerto-rico\/carlos-e-lopez\/#breadcrumb\",\"itemListElement\":[{\"@type\":\"ListItem\",\"position\":1,\"name\":\"Home\",\"item\":\"https:\/\/wpginternational.com\/puerto-rico\/\"},{\"@type\":\"ListItem\",\"position\":2,\"name\":\"Carlos L\u00f3pez L\u00f3pez\"}]},{\"@type\":\"WebSite\",\"@id\":\"https:\/\/wpginternational.com\/puerto-rico\/#website\",\"url\":\"https:\/\/wpginternational.com\/puerto-rico\/\",\"name\":\"WP Group Puerto Rico\",\"description\":\"The Partner You Need\",\"publisher\":{\"@id\":\"https:\/\/wpginternational.com\/puerto-rico\/#organization\"},\"potentialAction\":[{\"@type\":\"SearchAction\",\"target\":{\"@type\":\"EntryPoint\",\"urlTemplate\":\"https:\/\/wpginternational.com\/puerto-rico\/?s={search_term_string}\"},\"query-input\":\"required name=search_term_string\"}],\"inLanguage\":\"es\"},{\"@type\":\"Organization\",\"@id\":\"https:\/\/wpginternational.com\/puerto-rico\/#organization\",\"name\":\"WP Group Puerto Rico\",\"url\":\"https:\/\/wpginternational.com\/puerto-rico\/\",\"logo\":{\"@type\":\"ImageObject\",\"inLanguage\":\"es\",\"@id\":\"https:\/\/wpginternational.com\/puerto-rico\/#\/schema\/logo\/image\/\",\"url\":\"https:\/\/wpginternational.com\/puerto-rico\/wp-content\/uploads\/sites\/4\/2022\/04\/logo_hor_oscuro_chico.png\",\"contentUrl\":\"https:\/\/wpginternational.com\/puerto-rico\/wp-content\/uploads\/sites\/4\/2022\/04\/logo_hor_oscuro_chico.png\",\"width\":600,\"height\":223,\"caption\":\"WP Group Puerto Rico\"},\"image\":{\"@id\":\"https:\/\/wpginternational.com\/puerto-rico\/#\/schema\/logo\/image\/\"}}]}<\/script>\n<!-- \/ Yoast SEO Premium plugin. -->","yoast_head_json":{"title":"Carlos L\u00f3pez L\u00f3pez - WP Group Puerto Rico","description":"Mr. L\u00f3pez is one of the foremost international business and government relations consultants in Puerto Rico and Washington, D.C. with over...","robots":{"index":"index","follow":"follow","max-snippet":"max-snippet:-1","max-image-preview":"max-image-preview:large","max-video-preview":"max-video-preview:-1"},"canonical":"https:\/\/wpginternational.com\/puerto-rico\/carlos-e-lopez\/","og_locale":"es_ES","og_type":"article","og_title":"Carlos L\u00f3pez L\u00f3pez","og_description":"Mr. L\u00f3pez is one of the foremost international business and government relations consultants in Puerto Rico and Washington, D.C. with over...","og_url":"https:\/\/wpginternational.com\/puerto-rico\/carlos-e-lopez\/","og_site_name":"WP Group Puerto Rico","article_modified_time":"2025-02-06T13:13:03+00:00","og_image":[{"url":"https:\/\/wpginternational.com\/puerto-rico\/wp-content\/uploads\/sites\/4\/2022\/04\/lopez-lopez.jpg"}],"twitter_card":"summary_large_image","twitter_misc":{"Tiempo de lectura":"1 minuto"},"schema":{"@context":"https:\/\/schema.org","@graph":[{"@type":"WebPage","@id":"https:\/\/wpginternational.com\/puerto-rico\/carlos-e-lopez\/","url":"https:\/\/wpginternational.com\/puerto-rico\/carlos-e-lopez\/","name":"Carlos L\u00f3pez L\u00f3pez - WP Group Puerto Rico","isPartOf":{"@id":"https:\/\/wpginternational.com\/puerto-rico\/#website"},"datePublished":"2022-03-14T15:41:03+00:00","dateModified":"2025-02-06T13:13:03+00:00","description":"Mr. L\u00f3pez is one of the foremost international business and government relations consultants in Puerto Rico and Washington, D.C. with over...","breadcrumb":{"@id":"https:\/\/wpginternational.com\/puerto-rico\/carlos-e-lopez\/#breadcrumb"},"inLanguage":"es","potentialAction":[{"@type":"ReadAction","target":["https:\/\/wpginternational.com\/puerto-rico\/carlos-e-lopez\/"]}]},{"@type":"BreadcrumbList","@id":"https:\/\/wpginternational.com\/puerto-rico\/carlos-e-lopez\/#breadcrumb","itemListElement":[{"@type":"ListItem","position":1,"name":"Home","item":"https:\/\/wpginternational.com\/puerto-rico\/"},{"@type":"ListItem","position":2,"name":"Carlos L\u00f3pez L\u00f3pez"}]},{"@type":"WebSite","@id":"https:\/\/wpginternational.com\/puerto-rico\/#website","url":"https:\/\/wpginternational.com\/puerto-rico\/","name":"WP Group Puerto Rico","description":"The Partner You Need","publisher":{"@id":"https:\/\/wpginternational.com\/puerto-rico\/#organization"},"potentialAction":[{"@type":"SearchAction","target":{"@type":"EntryPoint","urlTemplate":"https:\/\/wpginternational.com\/puerto-rico\/?s={search_term_string}"},"query-input":"required name=search_term_string"}],"inLanguage":"es"},{"@type":"Organization","@id":"https:\/\/wpginternational.com\/puerto-rico\/#organization","name":"WP Group Puerto Rico","url":"https:\/\/wpginternational.com\/puerto-rico\/","logo":{"@type":"ImageObject","inLanguage":"es","@id":"https:\/\/wpginternational.com\/puerto-rico\/#\/schema\/logo\/image\/","url":"https:\/\/wpginternational.com\/puerto-rico\/wp-content\/uploads\/sites\/4\/2022\/04\/logo_hor_oscuro_chico.png","contentUrl":"https:\/\/wpginternational.com\/puerto-rico\/wp-content\/uploads\/sites\/4\/2022\/04\/logo_hor_oscuro_chico.png","width":600,"height":223,"caption":"WP Group Puerto Rico"},"image":{"@id":"https:\/\/wpginternational.com\/puerto-rico\/#\/schema\/logo\/image\/"}}]}},"_links":{"self":[{"href":"https:\/\/wpginternational.com\/puerto-rico\/wp-json\/wp\/v2\/pages\/309"}],"collection":[{"href":"https:\/\/wpginternational.com\/puerto-rico\/wp-json\/wp\/v2\/pages"}],"about":[{"href":"https:\/\/wpginternational.com\/puerto-rico\/wp-json\/wp\/v2\/types\/page"}],"author":[{"embeddable":true,"href":"https:\/\/wpginternational.com\/puerto-rico\/wp-json\/wp\/v2\/users\/2"}],"replies":[{"embeddable":true,"href":"https:\/\/wpginternational.com\/puerto-rico\/wp-json\/wp\/v2\/comments?post=309"}],"version-history":[{"count":10,"href":"https:\/\/wpginternational.com\/puerto-rico\/wp-json\/wp\/v2\/pages\/309\/revisions"}],"predecessor-version":[{"id":1160,"href":"https:\/\/wpginternational.com\/puerto-rico\/wp-json\/wp\/v2\/pages\/309\/revisions\/1160"}],"wp:attachment":[{"href":"https:\/\/wpginternational.com\/puerto-rico\/wp-json\/wp\/v2\/media?parent=309"}],"curies":[{"name":"wp","href":"https:\/\/api.w.org\/{rel}","templated":true}]}}